{"id":61,"date":"2025-02-22T17:59:26","date_gmt":"2025-02-22T21:59:26","guid":{"rendered":"https:\/\/paseoresponsable.com\/?page_id=61"},"modified":"2025-02-23T17:54:54","modified_gmt":"2025-02-23T21:54:54","slug":"our-asks","status":"publish","type":"page","link":"https:\/\/paseoresponsable.com\/es\/our-asks\/","title":{"rendered":"Cambios propuestos"},"content":{"rendered":"<p class=\"wp-block-paragraph\"><\/p>\n\n\n\n<h2 class=\"wp-block-heading has-text-align-center\">Nuestras preguntas<\/h2>\n\n\n\n<p class=\"has-text-align-center wp-block-paragraph\">La propuesta de Ruta Tur\u00edstica Esc\u00e9nica (Sendero Ciclista y Peatonal) en las zonas costeras del Barrio Ensenada y Barrio Puntas parece plantear riesgos innecesarios para los ecosistemas sensibles y los recursos econ\u00f3micos existentes. Si bien la mejora del acceso peatonal y recreativo es un objetivo loable, este proyecto plantea importantes preocupaciones sobre su impacto ambiental, de procedimiento y econ\u00f3mico.<\/p>\n\n\n\n<div class=\"wp-block-group alignfull is-style-default has-global-padding is-content-justification-center is-layout-constrained wp-block-group-is-layout-constrained\" style=\"margin-top:0;margin-bottom:0;padding-top:var(--wp--preset--spacing--50);padding-bottom:var(--wp--preset--spacing--50)\">\n<div class=\"wp-block-group alignwide is-layout-flow wp-container-core-group-is-layout-13027fec wp-block-group-is-layout-flow\">\n<div class=\"wp-block-group alignwide has-global-padding is-content-justification-left is-layout-constrained wp-container-core-group-is-layout-76a35173 wp-block-group-is-layout-constrained\">\n<h2 class=\"wp-block-heading alignwide\">\u00bfQu\u00e9 est\u00e1 en juego?<\/h2>\n<\/div>\n\n\n\n<figure class=\"wp-block-image size-full wp-duotone-unset-1\"><img data-recalc-dims=\"1\" loading=\"lazy\" decoding=\"async\" width=\"6000\" height=\"4000\" data-attachment-id=\"63\" data-permalink=\"https:\/\/paseoresponsable.com\/es\/our-asks\/dsc07523-2\/\" data-orig-file=\"https:\/\/i0.wp.com\/paseoresponsable.com\/wp-content\/uploads\/2025\/02\/dsc07523-1.jpg?fit=6000%2C4000&amp;ssl=1\" data-orig-size=\"6000,4000\" data-comments-opened=\"1\" data-image-meta=\"{&quot;aperture&quot;:&quot;5.6&quot;,&quot;credit&quot;:&quot;&quot;,&quot;camera&quot;:&quot;ILCE-9&quot;,&quot;caption&quot;:&quot;&quot;,&quot;created_timestamp&quot;:&quot;1663426150&quot;,&quot;copyright&quot;:&quot;\\u00a9 Tatianna Muniz, Ghost Edits LLC&quot;,&quot;focal_length&quot;:&quot;135&quot;,&quot;iso&quot;:&quot;80&quot;,&quot;shutter_speed&quot;:&quot;0.000625&quot;,&quot;title&quot;:&quot;&quot;,&quot;orientation&quot;:&quot;0&quot;}\" data-image-title=\"DSC07523\" data-image-description=\"\" data-image-caption=\"\" data-large-file=\"https:\/\/i0.wp.com\/paseoresponsable.com\/wp-content\/uploads\/2025\/02\/dsc07523-1.jpg?fit=1024%2C683&amp;ssl=1\" src=\"https:\/\/i0.wp.com\/paseoresponsable.com\/wp-content\/uploads\/2025\/02\/dsc07523-1.jpg?resize=6000%2C4000&#038;ssl=1\" alt=\"Domes Beach, Puerto Rico\" class=\"wp-image-63\" style=\"aspect-ratio:16\/9;object-fit:cover\" \/><\/figure>\n\n\n\n<div class=\"wp-block-columns alignwide are-vertically-aligned-top is-layout-flex wp-container-core-columns-is-layout-2d4cac15 wp-block-columns-is-layout-flex\">\n<div class=\"wp-block-column is-vertically-aligned-top has-global-padding is-content-justification-left is-layout-constrained wp-container-core-column-is-layout-5bca4419 wp-block-column-is-layout-constrained\">\n<h3 class=\"wp-block-heading\">Playa del Domo en Rinc\u00f3n, Puerto Rico<\/h3>\n<\/div>\n\n\n\n<div class=\"wp-block-column is-vertically-aligned-top is-layout-flow wp-block-column-is-layout-flow\" style=\"flex-basis:40%\">\n<p class=\"wp-block-paragraph\">\u00bfQuiere ver c\u00f3mo puede ayudar a nuestra causa? Haga clic a continuaci\u00f3n.<\/p>\n\n\n\n<div class=\"wp-block-buttons is-layout-flex wp-block-buttons-is-layout-flex\">\n<div class=\"wp-block-button\"><a class=\"wp-block-button__link wp-element-button\" href=\"https:\/\/paseoresponsable.com\/es\/how-to-help\/\">C\u00f3mo ayudar<\/a><\/div>\n<\/div>\n<\/div>\n<\/div>\n<\/div>\n<\/div>\n\n\n\n<div class=\"wp-block-group alignfull is-style-section-3 has-global-padding is-content-justification-center is-layout-constrained wp-container-core-group-is-layout-bc8b1bcd wp-block-group-is-layout-constrained\" style=\"margin-top:0;margin-bottom:0;padding-top:var(--wp--preset--spacing--50);padding-bottom:var(--wp--preset--spacing--50)\">\n<h2 class=\"wp-block-heading alignwide has-text-align-left\">Cambios propuestos<\/h2>\n\n\n\n<div class=\"wp-block-group alignwide is-layout-flow wp-container-core-group-is-layout-835debf9 wp-block-group-is-layout-flow\">\n<div class=\"wp-block-columns alignwide is-layout-flex wp-container-core-columns-is-layout-164893e1 wp-block-columns-is-layout-flex\">\n<div class=\"wp-block-column is-layout-flow wp-block-column-is-layout-flow\" style=\"padding-top:24px;padding-bottom:24px\">\n<h3 class=\"wp-block-heading alignwide has-text-align-left is-service-name\"> Bosque comunitario La Armon\u00eda en la Playa de Mar\u00eda<\/h3>\n<\/div>\n\n\n\n<div class=\"wp-block-column is-layout-flow wp-block-column-is-layout-flow\">\n<div class=\"wp-block-group alignwide is-layout-flow wp-block-group-is-layout-flow\" style=\"border-bottom-width:1px;padding-top:40px;padding-bottom:40px\">\n<p class=\"is-service-description wp-block-paragraph\">Tras 20 a\u00f1os de esfuerzos comunitarios para plantar y cuidar \u00e1rboles, esta zona se acerca ahora a una fase de bosque maduro, proporcionando un espacio verde vital para la biodiversidad. Tambi\u00e9n contiene sistemas funcionales de control de la erosi\u00f3n y la descarga de sedimentos, as\u00ed como caminos de grava, puentes, rampas y escaleras que se han convertido en un popular recurso peatonal recreativo. Sin embargo, varios permisos del proyecto siguen describiendo esta zona como \"carretera municipal sin asfaltar\".<\/p>\n\n\n\n<p class=\"wp-block-paragraph\">El consenso comunitario considera que este tramo de la Ruta ya est\u00e1 realizado y en uso, por lo que no debe alterarse.<\/p>\n\n\n\n<p class=\"is-service-description wp-block-paragraph\">En su lugar, la ruta deber\u00eda redirigirse en paralelo a la carretera 4413 en forma de carril de acera se\u00f1alizado, como se ve en otros tramos, para garantizar la continuidad.<\/p>\n\n\n\n<p class=\"is-service-link wp-block-paragraph\"><strong><a href=\"#\">M\u00e1s informaci\u00f3n<\/a> \u2192<\/strong><\/p>\n<\/div>\n<\/div>\n<\/div>\n\n\n\n<div class=\"wp-block-columns alignwide is-layout-flex wp-container-core-columns-is-layout-164893e1 wp-block-columns-is-layout-flex\">\n<div class=\"wp-block-column is-layout-flow wp-block-column-is-layout-flow\" style=\"padding-top:24px;padding-bottom:24px\">\n<h3 class=\"wp-block-heading alignwide has-text-align-left is-service-name\">Reserva Marina de Tres Palmas<\/h3>\n<\/div>\n\n\n\n<div class=\"wp-block-column is-layout-flow wp-block-column-is-layout-flow\">\n<div class=\"wp-block-group alignwide is-layout-flow wp-block-group-is-layout-flow\" style=\"border-bottom-width:1px;padding-top:40px;padding-bottom:40px\">\n<p class=\"is-service-description wp-block-paragraph\">Un ecosistema marino protegido por el gobierno federal que no aparece en la documentaci\u00f3n oficial del proyecto, ni en los mapas, ni en las revisiones medioambientales. Pedimos que se hagan nuevas revisiones para ver como afecta este carril bici a nuestra reserva marina. Tambi\u00e9n pedimos que el paseo donde est\u00e1 Tres Palmas no se pavimente con asfalto sino que se haga un camino m\u00e1s peque\u00f1o, de grava, o que se construya un carril bici que vaya paralelo a la 413 y que deje Tres Palmas fuera del todo.<\/p>\n\n\n\n<p class=\"is-service-link wp-block-paragraph\"><strong><a href=\"#\">M\u00e1s informaci\u00f3n<\/a> \u2192<\/strong><\/p>\n<\/div>\n<\/div>\n<\/div>\n\n\n\n<div class=\"wp-block-columns alignwide is-layout-flex wp-container-core-columns-is-layout-164893e1 wp-block-columns-is-layout-flex\">\n<div class=\"wp-block-column is-layout-flow wp-block-column-is-layout-flow\" style=\"padding-top:24px;padding-bottom:24px\">\n<h3 class=\"wp-block-heading alignwide has-text-align-left is-service-name\">Zona Mar\u00edtimo Terrestre (ZMT)<\/h3>\n<\/div>\n\n\n\n<div class=\"wp-block-column is-layout-flow wp-block-column-is-layout-flow\">\n<div class=\"wp-block-group alignwide is-layout-flow wp-block-group-is-layout-flow\" style=\"border-bottom-width:1px;padding-top:40px;padding-bottom:40px\">\n<p class=\"is-service-description wp-block-paragraph\">La zona costera m\u00e1s vulnerable, definida legalmente como el \u00e1rea afectada por las mareas y las olas. <\/p>\n\n\n\n<p class=\"is-service-description wp-block-paragraph\">Esta zona es de dominio p\u00fablico y requiere el acceso p\u00fablico sin trabas a las playas, ambos legalmente protegidos en Puerto Rico.<\/p>\n\n\n\n<p class=\"wp-block-paragraph\">Tambi\u00e9n proporciona un h\u00e1bitat cr\u00edtico para la anidaci\u00f3n de tortugas marinas y protege la vida marina y los arrecifes de coral de la contaminaci\u00f3n. Pedimos a nuestras agencias que NO pavimenten una carretera de asfalto de 12 pies de ancho, ni levanten un muro de contenci\u00f3n de 6 pies que bloquee el acceso a nuestras playas, ni eliminen los \u00e1rboles de la zona MTZ. <\/p>\n\n\n\n<p class=\"is-service-link wp-block-paragraph\"><strong><a href=\"#\">M\u00e1s informaci\u00f3n<\/a> \u2192<\/strong><\/p>\n<\/div>\n<\/div>\n<\/div>\n<\/div>\n<\/div>\n\n\n\n<h2 class=\"wp-block-heading\">Principales problemas del plan actual<\/h2>\n\n\n\n<p class=\"wp-block-paragraph\"><strong>1. Falta de permisos claros para proyectos espec\u00edficos<\/strong><\/p>\n\n\n\n<ul class=\"wp-block-list\">\n<li>La Autoridad de Carreteras y Transportaci\u00f3n (ACT) no ha facilitado documentaci\u00f3n justificativa clara de varios permisos espec\u00edficos del proyecto.<\/li>\n\n\n\n<li>Para el cumplimiento de la Ley de Gesti\u00f3n de la Zona Costera (CZMA), ACT se basa principalmente en un permiso nacional federal general emitido en 2009, que declara expl\u00edcitamente que no anula el cumplimiento de otras leyes y reglamentos medioambientales municipales o del Estado Libre Asociado de Puerto Rico. Las modificaciones propuestas por la comunidad en realidad har\u00edan que la ruta y el dise\u00f1o del proyecto&nbsp;<strong>M\u00c1S CUMPLE&nbsp;<\/strong>con el Programa de Gesti\u00f3n de la Zona Costera de Puerto Rico que el plan actual, a la vez que su construcci\u00f3n resulta significativamente menos costosa.<\/li>\n\n\n\n<li>Los permisos locales del proyecto datan todos de 2000-2016, anteriores al hurac\u00e1n Mar\u00eda (2017), lo que significa que es posible que ya no sean v\u00e1lidos o aplicables dadas las condiciones ambientales actuales y la erosi\u00f3n costera.<\/li>\n<\/ul>\n\n\n\n<p class=\"wp-block-paragraph\"><strong>2. El proyecto ya no se ajusta al dise\u00f1o aprobado<\/strong><\/p>\n\n\n\n<ul class=\"wp-block-list\">\n<li>El trazado se ha modificado varias veces con respecto a la descripci\u00f3n del proyecto de 2000 utilizada para obtener los permisos.<\/li>\n\n\n\n<li>La doctrina jur\u00eddica indica que un proyecto que se desv\u00ede significativamente de su descripci\u00f3n original aprobada debe someterse a una nueva revisi\u00f3n del permiso.<\/li>\n\n\n\n<li>Proceder con autorizaciones obsoletas o inv\u00e1lidas podr\u00eda exponer a las agencias puertorrique\u00f1as a demandas u otros costosos desaf\u00edos legales.<\/li>\n<\/ul>\n\n\n\n<p class=\"wp-block-paragraph\"><strong>3. Ausencia de la Reserva Marina de Tres Palmas (RMTP) en la documentaci\u00f3n del proyecto<\/strong><\/p>\n\n\n\n<ul class=\"wp-block-list\">\n<li>La RMTP no se menciona en varias descripciones de permisos de proyectos, mapas oficiales o estudios medioambientales, a pesar de estar directamente afectada por la construcci\u00f3n.<\/li>\n\n\n\n<li>Todos los propietarios privados, las instalaciones municipales y las infraestructuras de los organismos (postes el\u00e9ctricos, alcantarillas, desag\u00fces pluviales, etc.) adyacentes al derecho de paso del proyecto est\u00e1n identificados y cartografiados en los permisos, pero a menudo se omite la RMTP, incluso en los documentos creados despu\u00e9s de su designaci\u00f3n legal oficial en 2004.<\/li>\n\n\n\n<li>Esta omisi\u00f3n suscita serias dudas sobre la integridad del proceso de concesi\u00f3n de permisos y sobre si se tuvieron debidamente en cuenta las especies y el h\u00e1bitat de la reserva, protegidos a nivel federal.<\/li>\n<\/ul>\n\n\n\n<p class=\"wp-block-paragraph\"><strong>4. Riesgos econ\u00f3micos y tur\u00edsticos<\/strong><\/p>\n\n\n\n<ul class=\"wp-block-list\">\n<li>Ir\u00f3nicamente, para un proyecto que pretende mejorar el turismo, la Ruta Tur\u00edstica Esc\u00e9nica podr\u00eda perjudicar la econom\u00eda de Rinc\u00f3n impulsada por el turismo:\n<ul class=\"wp-block-list\">\n<li>Limitaci\u00f3n del acceso p\u00fablico a las playas<\/li>\n\n\n\n<li>Eliminaci\u00f3n de las zonas de acampada en la playa de Domes<\/li>\n\n\n\n<li>Zonas de oleaje afectadas<\/li>\n\n\n\n<li>Reducci\u00f3n del aparcamiento en lugares clave<\/li>\n<\/ul>\n<\/li>\n<\/ul>\n\n\n\n<hr class=\"wp-block-separator has-alpha-channel-opacity\" \/>\n\n\n\n<div class=\"wp-block-group alignfull is-style-section-3 has-global-padding is-content-justification-center is-layout-constrained wp-block-group-is-layout-constrained\" style=\"margin-top:0;margin-bottom:0;padding-top:var(--wp--preset--spacing--70);padding-bottom:var(--wp--preset--spacing--70)\">\n<div class=\"wp-block-columns alignwide are-vertically-aligned-center is-layout-flex wp-container-core-columns-is-layout-1233740d wp-block-columns-is-layout-flex\">\n<div class=\"wp-block-column is-vertically-aligned-center is-layout-flow wp-container-core-column-is-layout-835debf9 wp-block-column-is-layout-flow\" style=\"flex-basis:30%\">\n<figure class=\"wp-block-image size-full wp-duotone-unset-2\"><img data-recalc-dims=\"1\" loading=\"lazy\" decoding=\"async\" width=\"2048\" height=\"1365\" data-attachment-id=\"36\" data-permalink=\"https:\/\/paseoresponsable.com\/es\/default\/\" data-orig-file=\"https:\/\/i0.wp.com\/paseoresponsable.com\/wp-content\/uploads\/2025\/02\/max_0065.jpg?fit=2048%2C1365&amp;ssl=1\" data-orig-size=\"2048,1365\" data-comments-opened=\"1\" data-image-meta=\"{&quot;aperture&quot;:&quot;2.8&quot;,&quot;credit&quot;:&quot;&quot;,&quot;camera&quot;:&quot;XT705&quot;,&quot;caption&quot;:&quot;default&quot;,&quot;created_timestamp&quot;:&quot;1649006755&quot;,&quot;copyright&quot;:&quot;\\u00a9 Tatianna Muniz&quot;,&quot;focal_length&quot;:&quot;10.57&quot;,&quot;iso&quot;:&quot;1600&quot;,&quot;shutter_speed&quot;:&quot;0.0083333333333333&quot;,&quot;title&quot;:&quot;default&quot;,&quot;orientation&quot;:&quot;0&quot;,&quot;latitude&quot;:&quot;18.349914&quot;,&quot;longitude&quot;:&quot;-67.263799&quot;}\" data-image-title=\"default\" data-image-description=\"\" data-image-caption=\"&lt;p&gt;default&lt;\/p&gt;\" data-large-file=\"https:\/\/i0.wp.com\/paseoresponsable.com\/wp-content\/uploads\/2025\/02\/max_0065.jpg?fit=1024%2C683&amp;ssl=1\" src=\"https:\/\/i0.wp.com\/paseoresponsable.com\/wp-content\/uploads\/2025\/02\/max_0065.jpg?resize=2048%2C1365&#038;ssl=1\" alt=\"\" class=\"wp-image-36\" style=\"aspect-ratio:4\/3;object-fit:cover\" \/><\/figure>\n<\/div>\n\n\n\n<div class=\"wp-block-column is-vertically-aligned-center is-layout-flow wp-block-column-is-layout-flow\">\n<h2 class=\"wp-block-heading has-text-align-center has-xx-large-font-size\">Marca la diferencia<\/h2>\n\n\n\n<div style=\"height:8px\" aria-hidden=\"true\" class=\"wp-block-spacer\"><\/div>\n\n\n\n<div class=\"wp-block-buttons is-content-justification-center is-layout-flex wp-container-core-buttons-is-layout-a0cd93e3 wp-block-buttons-is-layout-flex\">\n<div class=\"wp-block-button\"><a class=\"wp-block-button__link wp-element-button\" href=\"https:\/\/www.gofundme.com\/f\/fondo-legal-para-un-paseo-responsable-rincon-puerto-rico?attribution_id=sl:71c49881-156a-4b29-9864-d1e5b11649b0&amp;lang=en_US&amp;utm_campaign=man_sharesheet_dash&amp;utm_content=amp10_t1-amp13_t1-amp14_t1&amp;utm_medium=customer&amp;utm_source=copy_link\">Donar ahora<\/a><\/div>\n<\/div>\n<\/div>\n\n\n\n<div class=\"wp-block-column is-vertically-aligned-center is-layout-flow wp-container-core-column-is-layout-835debf9 wp-block-column-is-layout-flow\" style=\"flex-basis:30%\">\n<figure class=\"wp-block-image size-full wp-duotone-unset-3\"><img data-recalc-dims=\"1\" loading=\"lazy\" decoding=\"async\" width=\"4000\" height=\"6000\" data-attachment-id=\"69\" data-permalink=\"https:\/\/paseoresponsable.com\/es\/our-asks\/dsc04393-2\/\" data-orig-file=\"https:\/\/i0.wp.com\/paseoresponsable.com\/wp-content\/uploads\/2025\/02\/dsc04393-1.jpg?fit=4000%2C6000&amp;ssl=1\" data-orig-size=\"4000,6000\" data-comments-opened=\"1\" data-image-meta=\"{&quot;aperture&quot;:&quot;5&quot;,&quot;credit&quot;:&quot;&quot;,&quot;camera&quot;:&quot;ILCE-9&quot;,&quot;caption&quot;:&quot;&quot;,&quot;created_timestamp&quot;:&quot;1674597721&quot;,&quot;copyright&quot;:&quot;\\u00a9 Tatianna Muniz, Ghost Edits LLC&quot;,&quot;focal_length&quot;:&quot;50&quot;,&quot;iso&quot;:&quot;400&quot;,&quot;shutter_speed&quot;:&quot;0.004&quot;,&quot;title&quot;:&quot;&quot;,&quot;orientation&quot;:&quot;0&quot;}\" data-image-title=\"DSC04393\" data-image-description=\"\" data-image-caption=\"\" data-large-file=\"https:\/\/i0.wp.com\/paseoresponsable.com\/wp-content\/uploads\/2025\/02\/dsc04393-1.jpg?fit=683%2C1024&amp;ssl=1\" src=\"https:\/\/i0.wp.com\/paseoresponsable.com\/wp-content\/uploads\/2025\/02\/dsc04393-1.jpg?resize=4000%2C6000&#038;ssl=1\" alt=\"\" class=\"wp-image-69\" style=\"aspect-ratio:3\/4;object-fit:cover\" \/><\/figure>\n<\/div>\n<\/div>\n<\/div>\n\n\n\n<div class=\"wp-block-group alignfull has-contrast-color has-text-color is-vertical is-content-justification-center is-layout-flex wp-container-core-group-is-layout-9bfaab72 wp-block-group-is-layout-flex\" style=\"min-height:40vh;margin-top:0;margin-bottom:0;padding-top:var(--wp--preset--spacing--60);padding-right:var(--wp--preset--spacing--50);padding-bottom:var(--wp--preset--spacing--60);padding-left:var(--wp--preset--spacing--50)\"><div style=\"margin-bottom:6px;\" class=\"is-default-size aligncenter wp-block-site-logo\"><a href=\"https:\/\/paseoresponsable.com\/es\/\" class=\"custom-logo-link\" rel=\"home\"><img loading=\"lazy\" decoding=\"async\" width=\"512\" height=\"512\" src=\"https:\/\/i0.wp.com\/paseoresponsable.com\/wp-content\/uploads\/2025\/02\/cropped-img_0346.jpg?fit=512%2C512&amp;ssl=1\" class=\"custom-logo\" alt=\"Paseo Responsable\" srcset=\"https:\/\/i0.wp.com\/paseoresponsable.com\/wp-content\/uploads\/2025\/02\/cropped-img_0346.jpg?w=512&amp;ssl=1 512w, https:\/\/i0.wp.com\/paseoresponsable.com\/wp-content\/uploads\/2025\/02\/cropped-img_0346.jpg?w=270&amp;ssl=1 270w, https:\/\/i0.wp.com\/paseoresponsable.com\/wp-content\/uploads\/2025\/02\/cropped-img_0346.jpg?w=192&amp;ssl=1 192w, https:\/\/i0.wp.com\/paseoresponsable.com\/wp-content\/uploads\/2025\/02\/cropped-img_0346.jpg?w=180&amp;ssl=1 180w, https:\/\/i0.wp.com\/paseoresponsable.com\/wp-content\/uploads\/2025\/02\/cropped-img_0346.jpg?w=32&amp;ssl=1 32w\" sizes=\"auto, (max-width: 512px) 100vw, 512px\" data-attachment-id=\"164\" data-permalink=\"https:\/\/paseoresponsable.com\/es\/img_0346\/img_0346-2\/\" data-orig-file=\"https:\/\/i0.wp.com\/paseoresponsable.com\/wp-content\/uploads\/2025\/02\/cropped-img_0346.jpg?fit=512%2C512&amp;ssl=1\" data-orig-size=\"512,512\" data-comments-opened=\"1\" data-image-meta=\"{&quot;aperture&quot;:&quot;0&quot;,&quot;credit&quot;:&quot;&quot;,&quot;camera&quot;:&quot;&quot;,&quot;caption&quot;:&quot;&quot;,&quot;created_timestamp&quot;:&quot;0&quot;,&quot;copyright&quot;:&quot;&quot;,&quot;focal_length&quot;:&quot;0&quot;,&quot;iso&quot;:&quot;0&quot;,&quot;shutter_speed&quot;:&quot;0&quot;,&quot;title&quot;:&quot;&quot;,&quot;orientation&quot;:&quot;0&quot;}\" data-image-title=\"IMG_0346\" data-image-description=\"&lt;p&gt;https:\/\/paseoresponsable.com\/wp-content\/uploads\/2025\/02\/cropped-img_0346.jpg&lt;\/p&gt;\" data-image-caption=\"\" data-large-file=\"https:\/\/i0.wp.com\/paseoresponsable.com\/wp-content\/uploads\/2025\/02\/cropped-img_0346.jpg?fit=512%2C512&amp;ssl=1\" \/><\/a><\/div>\n\n\n<p class=\"has-text-align-center has-medium-font-size wp-block-paragraph\">Orgullosamente impulsado por <a href=\"https:\/\/wordpress.org\">WordPress<\/a><\/p>\n\n\n\n<ul class=\"wp-block-social-links has-normal-icon-size is-style-logos-only is-nowrap is-layout-flex wp-container-core-social-links-is-layout-83afbf8f wp-block-social-links-is-layout-flex\"><li class=\"wp-social-link wp-social-link-facebook  wp-block-social-link\"><a href=\"https:\/\/www.facebook.com\/people\/Paseo-Responsable\/61573071496344\/\" class=\"wp-block-social-link-anchor\"><svg width=\"24\" height=\"24\" viewbox=\"0 0 24 24\" version=\"1.1\" xmlns=\"http:\/\/www.w3.org\/2000\/svg\" aria-hidden=\"true\" focusable=\"false\"><path d=\"M12 2C6.5 2 2 6.5 2 12c0 5 3.7 9.1 8.4 9.9v-7H7.9V12h2.5V9.8c0-2.5 1.5-3.9 3.8-3.9 1.1 0 2.2.2 2.2.2v2.5h-1.3c-1.2 0-1.6.8-1.6 1.6V12h2.8l-.4 2.9h-2.3v7C18.3 21.1 22 17 22 12c0-5.5-4.5-10-10-10z\"><\/path><\/svg><span class=\"wp-block-social-link-label screen-reader-text\">Facebook<\/span><\/a><\/li>\n\n<li class=\"wp-social-link wp-social-link-instagram  wp-block-social-link\"><a href=\"https:\/\/www.instagram.com\/paseoresponsablepr\/\" class=\"wp-block-social-link-anchor\"><svg width=\"24\" height=\"24\" viewbox=\"0 0 24 24\" version=\"1.1\" xmlns=\"http:\/\/www.w3.org\/2000\/svg\" aria-hidden=\"true\" focusable=\"false\"><path d=\"M12,4.622c2.403,0,2.688,0.009,3.637,0.052c0.877,0.04,1.354,0.187,1.671,0.31c0.42,0.163,0.72,0.358,1.035,0.673 c0.315,0.315,0.51,0.615,0.673,1.035c0.123,0.317,0.27,0.794,0.31,1.671c0.043,0.949,0.052,1.234,0.052,3.637 s-0.009,2.688-0.052,3.637c-0.04,0.877-0.187,1.354-0.31,1.671c-0.163,0.42-0.358,0.72-0.673,1.035 c-0.315,0.315-0.615,0.51-1.035,0.673c-0.317,0.123-0.794,0.27-1.671,0.31c-0.949,0.043-1.233,0.052-3.637,0.052 s-2.688-0.009-3.637-0.052c-0.877-0.04-1.354-0.187-1.671-0.31c-0.42-0.163-0.72-0.358-1.035-0.673 c-0.315-0.315-0.51-0.615-0.673-1.035c-0.123-0.317-0.27-0.794-0.31-1.671C4.631,14.688,4.622,14.403,4.622,12 s0.009-2.688,0.052-3.637c0.04-0.877,0.187-1.354,0.31-1.671c0.163-0.42,0.358-0.72,0.673-1.035 c0.315-0.315,0.615-0.51,1.035-0.673c0.317-0.123,0.794-0.27,1.671-0.31C9.312,4.631,9.597,4.622,12,4.622 M12,3 C9.556,3,9.249,3.01,8.289,3.054C7.331,3.098,6.677,3.25,6.105,3.472C5.513,3.702,5.011,4.01,4.511,4.511 c-0.5,0.5-0.808,1.002-1.038,1.594C3.25,6.677,3.098,7.331,3.054,8.289C3.01,9.249,3,9.556,3,12c0,2.444,0.01,2.751,0.054,3.711 c0.044,0.958,0.196,1.612,0.418,2.185c0.23,0.592,0.538,1.094,1.038,1.594c0.5,0.5,1.002,0.808,1.594,1.038 c0.572,0.222,1.227,0.375,2.185,0.418C9.249,20.99,9.556,21,12,21s2.751-0.01,3.711-0.054c0.958-0.044,1.612-0.196,2.185-0.418 c0.592-0.23,1.094-0.538,1.594-1.038c0.5-0.5,0.808-1.002,1.038-1.594c0.222-0.572,0.375-1.227,0.418-2.185 C20.99,14.751,21,14.444,21,12s-0.01-2.751-0.054-3.711c-0.044-0.958-0.196-1.612-0.418-2.185c-0.23-0.592-0.538-1.094-1.038-1.594 c-0.5-0.5-1.002-0.808-1.594-1.038c-0.572-0.222-1.227-0.375-2.185-0.418C14.751,3.01,14.444,3,12,3L12,3z M12,7.378 c-2.552,0-4.622,2.069-4.622,4.622S9.448,16.622,12,16.622s4.622-2.069,4.622-4.622S14.552,7.378,12,7.378z M12,15 c-1.657,0-3-1.343-3-3s1.343-3,3-3s3,1.343,3,3S13.657,15,12,15z M16.804,6.116c-0.596,0-1.08,0.484-1.08,1.08 s0.484,1.08,1.08,1.08c0.596,0,1.08-0.484,1.08-1.08S17.401,6.116,16.804,6.116z\"><\/path><\/svg><span class=\"wp-block-social-link-label screen-reader-text\">Instagram<\/span><\/a><\/li>\n\n<\/ul>\n<\/div>\n\n\n\n<p class=\"wp-block-paragraph\"><\/p>","protected":false},"excerpt":{"rendered":"<p>Our Asks The proposed Scenic Touristic Route (Cyclist and Pedestrian Pathway) in the coastal zones of Barrio Ensenada and Barrio Puntas appears to pose unnecessary risks to sensitive ecosystems and existing economic resources. While improving pedestrian and recreational access is a commendable goal, this project raises significant concerns about its environmental, procedural, and economic impact. [&hellip;]<\/p>\n","protected":false},"author":255406016,"featured_media":0,"parent":0,"menu_order":0,"comment_status":"closed","ping_status":"closed","template":"","meta":{"_crdt_document":"","advanced_seo_description":"","jetpack_seo_html_title":"","jetpack_seo_noindex":false,"jetpack_post_was_ever_published":false,"footnotes":""},"class_list":["post-61","page","type-page","status-publish","hentry"],"jetpack_likes_enabled":true,"jetpack_sharing_enabled":true,"jetpack_shortlink":"https:\/\/wp.me\/PgnewY-Z","jetpack-related-posts":[],"_links":{"self":[{"href":"https:\/\/paseoresponsable.com\/es\/wp-json\/wp\/v2\/pages\/61","targetHints":{"allow":["GET"]}}],"collection":[{"href":"https:\/\/paseoresponsable.com\/es\/wp-json\/wp\/v2\/pages"}],"about":[{"href":"https:\/\/paseoresponsable.com\/es\/wp-json\/wp\/v2\/types\/page"}],"author":[{"embeddable":true,"href":"https:\/\/paseoresponsable.com\/es\/wp-json\/wp\/v2\/users\/255406016"}],"replies":[{"embeddable":true,"href":"https:\/\/paseoresponsable.com\/es\/wp-json\/wp\/v2\/comments?post=61"}],"version-history":[{"count":13,"href":"https:\/\/paseoresponsable.com\/es\/wp-json\/wp\/v2\/pages\/61\/revisions"}],"predecessor-version":[{"id":153,"href":"https:\/\/paseoresponsable.com\/es\/wp-json\/wp\/v2\/pages\/61\/revisions\/153"}],"wp:attachment":[{"href":"https:\/\/paseoresponsable.com\/es\/wp-json\/wp\/v2\/media?parent=61"}],"curies":[{"name":"wp","href":"https:\/\/api.w.org\/{rel}","templated":true}]}}